{"id":480,"date":"2024-06-30T03:22:47","date_gmt":"2024-06-30T03:22:47","guid":{"rendered":"https:\/\/sdsuv.co.in\/science_journal\/?page_id=480"},"modified":"2024-06-30T03:22:47","modified_gmt":"2024-06-30T03:22:47","slug":"volume-1-december-2023-2","status":"publish","type":"page","link":"https:\/\/sdsuv.co.in\/science_journal\/volume-1-december-2023-2\/","title":{"rendered":"Volume 1 (December 2023)"},"content":{"rendered":"\n<p><strong><a href=\"https:\/\/zenodo.org\/records\/10429973\">1. DIVERSITY OF APHIDIDAE OF UTTARAKHAND<\/a><\/strong><br><em>Rajesh Kumar, Satish Chandra, Ahmad Pervez and Praveen Kumar Sharma<\/em><\/p>\n\n\n\n<p><strong>Published on December 25, 2023&nbsp; &nbsp; &nbsp; &nbsp; &nbsp; &nbsp;pages: 1-12&nbsp; &nbsp; &nbsp; &nbsp; &nbsp; &nbsp; &nbsp; &nbsp; &nbsp; &nbsp; &nbsp; doi: https:\/\/doi.org\/10.5281\/zenodo.10429973<\/strong><strong>&nbsp; &nbsp; &nbsp; &nbsp;&nbsp;<\/strong><\/p>\n\n\n\n<p><strong>&nbsp; &nbsp; &nbsp; &nbsp; &nbsp; &nbsp; &nbsp; &nbsp; &nbsp; &nbsp; &nbsp; &nbsp; &nbsp; &nbsp;<a href=\"https:\/\/zenodo.org\/records\/10429973\">ABSTRACT&nbsp;<\/a>&nbsp;&nbsp; &nbsp; &nbsp; &nbsp; &nbsp; &nbsp; &nbsp; &nbsp; &nbsp;&nbsp;<a href=\"https:\/\/sdsuv.co.in\/science_journal\/wp-content\/uploads\/2024\/01\/01-2023-Rajesh-R.pdf\">PDF<\/a><\/strong><\/p>\n\n\n\n<p><a href=\"https:\/\/zenodo.org\/records\/10430111\"><strong>2. THE SILENT BATTLE: HOW THE CHEMICAL WEB TRAP STEALTHILY AFFECTS HUMAN WELL-BEING<\/strong><\/a><br><em>Akanksha Adhikari<\/em><\/p>\n\n\n\n<p><strong>Published on December 25, 2023&nbsp; &nbsp; &nbsp; &nbsp; &nbsp; &nbsp;pages: 13-16&nbsp; &nbsp; &nbsp; &nbsp; &nbsp; &nbsp; &nbsp; &nbsp; &nbsp; &nbsp; &nbsp; &nbsp;doi: https:\/\/doi.org\/10.5281\/zenodo.10430110.<\/strong><\/p>\n\n\n\n<p><strong>&nbsp; &nbsp; &nbsp; &nbsp; &nbsp; &nbsp; &nbsp; &nbsp; &nbsp; &nbsp; &nbsp;<a href=\"https:\/\/zenodo.org\/records\/10430111\">ABSTRACT<\/a>&nbsp; &nbsp; &nbsp; &nbsp; &nbsp; &nbsp; &nbsp; &nbsp; &nbsp; &nbsp;&nbsp;<a href=\"https:\/\/sdsuv.co.in\/science_journal\/wp-content\/uploads\/2024\/01\/02-2023-Akanksha-R.pdf\">PDF<\/a>&nbsp; &nbsp;&nbsp;<\/strong><\/p>\n\n\n\n<p><a href=\"https:\/\/zenodo.org\/records\/10431123\">3.&nbsp;<strong>SURVEY OF MEDICINAL PTERIDOPHYTES PLANT DIVERSITY AND THEIR USES IN HUMAN DISEASES<\/strong><\/a><\/p>\n\n\n\n<p><em>Sanjeev Lal, G.K. Dhingra, Himani Nautiyal, Vipin Chandra and Reena Shah<\/em><\/p>\n\n\n\n<p><strong>Published on December 25, 2023&nbsp; &nbsp; &nbsp; &nbsp; &nbsp; &nbsp;pages: 17-25&nbsp; &nbsp; &nbsp; &nbsp; &nbsp; &nbsp; &nbsp; &nbsp; &nbsp; &nbsp; &nbsp; &nbsp; doi: https:\/\/doi.org\/10.5281\/zenodo.10431123<\/strong>.<\/p>\n\n\n\n<p>&nbsp; &nbsp; &nbsp; &nbsp; &nbsp; &nbsp; &nbsp; &nbsp; &nbsp;&nbsp;<a href=\"https:\/\/zenodo.org\/records\/10431123\"><strong>ABSTRACT<\/strong>&nbsp; &nbsp;<\/a>&nbsp;&nbsp; &nbsp; &nbsp; &nbsp; &nbsp; &nbsp; &nbsp;<strong>&nbsp;<a href=\"https:\/\/sdsuv.co.in\/science_journal\/wp-content\/uploads\/2024\/01\/03-2023-Dhingra-R.pdf\">PDF<\/a><\/strong>&nbsp; &nbsp; &nbsp; &nbsp; &nbsp;&nbsp;<\/p>\n\n\n\n<p><strong>4.&nbsp;<a href=\"https:\/\/zenodo.org\/records\/10439547\">A REVIEW OF DIFFERENT INSECTS ASSOCIATED WITH THE NEEM TREE, AZADIRACHTA INDICA (MELIACEAE)<\/a><\/strong><br><em>Sheetal Anand and Barish E. James<\/em><\/p>\n\n\n\n<p><strong>Published on December 28, 2023 pages: 26-37 doi: https:\/\/doi.org\/10.5281\/zenodo.10439547<\/strong><\/p>\n\n\n\n<p><strong>&nbsp; &nbsp; &nbsp; &nbsp; &nbsp; &nbsp; &nbsp; &nbsp;&nbsp;<a href=\"https:\/\/zenodo.org\/records\/10439547\">ABSTRACT<\/a>&nbsp; &nbsp; &nbsp; &nbsp; &nbsp; &nbsp; &nbsp; &nbsp; &nbsp; &nbsp; &nbsp;&nbsp;<a href=\"https:\/\/sdsuv.co.in\/science_journal\/wp-content\/uploads\/2024\/01\/04-2023-Barish-R.pdf\">PDF<\/a>&nbsp;<\/strong><\/p>\n\n\n\n<p><strong><a href=\"https:\/\/zenodo.org\/records\/10439685\">5. SPOTLIGHT ON THE AGRIPRENEURIAL SIGNIFICANCE OF INSECTS IN INDIA<\/a><\/strong><br><em>Noorin Saifi, Ahmad Pervez, Deepa Arya and Mamtesh Kumari<\/em><\/p>\n\n\n\n<p><strong>Published on December 28, 2023&nbsp; &nbsp; &nbsp; &nbsp; &nbsp; &nbsp; &nbsp; &nbsp; &nbsp; &nbsp; pages: 38-43&nbsp; &nbsp; &nbsp; &nbsp; &nbsp; &nbsp; &nbsp; &nbsp; &nbsp; &nbsp; &nbsp; &nbsp;doi: https:\/\/doi.org\/10.5281\/zenodo.10439684<\/strong><\/p>\n\n\n\n<p><strong>&nbsp; &nbsp; &nbsp; &nbsp; &nbsp; &nbsp; &nbsp;&nbsp;<a href=\"https:\/\/zenodo.org\/records\/10439685\">ABSTRACT<\/a>&nbsp; &nbsp; &nbsp; &nbsp; &nbsp; &nbsp; &nbsp; &nbsp; &nbsp;&nbsp;<a href=\"https:\/\/sdsuv.co.in\/science_journal\/wp-content\/uploads\/2024\/01\/05-2023-Noorin-R.pdf\">PDF<\/a>&nbsp;&nbsp; &nbsp;<\/strong><\/p>\n\n\n\n<p><strong><a href=\"https:\/\/zenodo.org\/records\/10447092\">6. LANTHANIDE COMPLEXES DERIVED FROM TETRADENTATE MACROCYCLIC LIGAND: SYNTHESIS, CHARACTERIZATION AND ANTIMICROBIAL STUDIES<\/a><\/strong><br><em>Seema Baniwal, Vibha Kumar and Shalini Rawat<\/em><\/p>\n\n\n\n<p><strong>Published on December 31, 2023&nbsp; &nbsp; &nbsp; &nbsp; &nbsp; &nbsp; &nbsp; &nbsp; pages: 44-48&nbsp; &nbsp; &nbsp; &nbsp; &nbsp; &nbsp; &nbsp; &nbsp; &nbsp; &nbsp; &nbsp; &nbsp; &nbsp; &nbsp; doi: https:\/\/doi.org\/10.5281\/zenodo.10447092<\/strong><\/p>\n\n\n\n<p><strong>&nbsp; &nbsp; &nbsp; &nbsp; &nbsp; &nbsp; &nbsp; &nbsp;<a href=\"https:\/\/zenodo.org\/records\/10447092\">ABSTRACT<\/a>&nbsp; &nbsp; &nbsp; &nbsp; &nbsp; &nbsp; &nbsp; &nbsp; &nbsp;&nbsp;<a href=\"https:\/\/sdsuv.co.in\/science_journal\/wp-content\/uploads\/2024\/01\/06-2023-Seema-R.pdf\">PDF<\/a><\/strong><\/p>\n\n\n\n<p><strong><a href=\"https:\/\/zenodo.org\/records\/10447930\">7.&nbsp;<strong>ROLE OF PROTEIN IN SATIETY AND WEIGHT MANAGEMENT<\/strong><\/a><\/strong><br><em>Agatha Betsy<\/em><\/p>\n\n\n\n<p><strong>Published on December 31, 2023&nbsp; &nbsp; &nbsp; &nbsp; &nbsp; &nbsp; &nbsp; pages: 49-55&nbsp; &nbsp; &nbsp; &nbsp; &nbsp; &nbsp; &nbsp; &nbsp; &nbsp; &nbsp; &nbsp; &nbsp; &nbsp; &nbsp; &nbsp; &nbsp;doi: https:\/\/doi.org\/10.5281\/zenodo.10447930<\/strong><\/p>\n\n\n\n<p><strong>&nbsp; &nbsp; &nbsp; &nbsp; &nbsp; &nbsp; &nbsp; &nbsp;<a href=\"https:\/\/zenodo.org\/records\/10447930\">&nbsp;ABSTRACT<\/a>&nbsp; &nbsp; &nbsp; &nbsp; &nbsp; &nbsp; &nbsp; &nbsp; &nbsp;&nbsp;<a href=\"https:\/\/sdsuv.co.in\/science_journal\/wp-content\/uploads\/2024\/01\/07-2023-Agatha-R.pdf\">PDF<\/a><\/strong><\/p>\n\n\n\n<p><strong>8.&nbsp;<a href=\"https:\/\/zenodo.org\/records\/10447200\">OVERVIEW OF THE REPRODUCTIVE BEHAVIOUR AND DEVELOPMENT OF APHIDOPHAGOUS LADYBIRD BEETLES<\/a><\/strong><br><em>Deepa Arya, Ahmad Pervez, Noorin Saifi and Mamtesh Kumari<\/em><\/p>\n\n\n\n<p><strong>Published on December 31, 2023&nbsp; &nbsp; &nbsp; &nbsp; &nbsp; &nbsp; pages: 56-63&nbsp; &nbsp; &nbsp; &nbsp; &nbsp; &nbsp; &nbsp; &nbsp; &nbsp; &nbsp; &nbsp; &nbsp; &nbsp; doi: https:\/\/doi.org\/10.5281\/zenodo.10447200<\/strong><\/p>\n\n\n\n<p><strong>&nbsp; &nbsp; &nbsp; &nbsp; &nbsp; &nbsp; &nbsp; &nbsp;<a href=\"https:\/\/zenodo.org\/records\/10447200\">ABSTRACT<\/a>&nbsp; &nbsp; &nbsp; &nbsp; &nbsp; &nbsp; &nbsp; &nbsp; &nbsp;&nbsp;<a href=\"https:\/\/sdsuv.co.in\/science_journal\/wp-content\/uploads\/2024\/01\/08-2003-R-Deepa-R.pdf\">PDF<\/a><\/strong><\/p>\n\n\n\n<p><strong><a href=\"https:\/\/zenodo.org\/records\/10465275\">9. INFLUENCE OF TEMPERATURE ON ALKALINE PHOSPHATASE ACTIVITY IN CYANOBACTERIA (BLUE- GREEN ALGAE)<\/a><\/strong><br><em>V. D. Pandey<\/em><\/p>\n\n\n\n<p><strong>Published on December 31, 2023&nbsp; &nbsp; &nbsp; &nbsp; &nbsp; &nbsp; &nbsp; &nbsp;pages: 64-68&nbsp; &nbsp; &nbsp; &nbsp; &nbsp; &nbsp; &nbsp; &nbsp; &nbsp; &nbsp; &nbsp; doi: https:\/\/doi.org\/10.5281\/zenodo.10465275<\/strong><\/p>\n\n\n\n<p><strong>&nbsp; &nbsp; &nbsp; &nbsp; &nbsp; &nbsp; &nbsp; &nbsp;<a href=\"https:\/\/zenodo.org\/records\/10465275\">ABSTRACT<\/a>&nbsp; &nbsp; &nbsp; &nbsp; &nbsp; &nbsp; &nbsp; &nbsp; &nbsp; &nbsp;&nbsp;<a href=\"https:\/\/sdsuv.co.in\/science_journal\/wp-content\/uploads\/2024\/01\/9-2023-VD-Pandey-R.pdf\">PDF<\/a><\/strong><\/p>\n\n\n\n<p><strong><a href=\"https:\/\/zenodo.org\/records\/10465291\">10. BOTANICAL EXPEDITION IN INDIAN WESTERN HIMALAYA: A CASE STUDY FROM THE VALLEY OF FLOWERS NATIONAL PARK<\/a><\/strong><br><em>Dinesh Singh Rawat, Deep Shekhar Das, Sudhansu Sekhar Dash, Gulshan Kumar Dhingra, S. K. Kuriyal<\/em><\/p>\n\n\n\n<p><strong>Published on December 31, 2023&nbsp; &nbsp; &nbsp; &nbsp; &nbsp; &nbsp; &nbsp; pages: 69-78&nbsp; &nbsp; &nbsp; &nbsp; &nbsp; &nbsp; &nbsp; &nbsp; &nbsp; &nbsp; &nbsp; doi: https:\/\/doi.org\/10.5281\/zenodo.104<\/strong>6<strong>5291<\/strong><\/p>\n\n\n\n<p><strong>&nbsp; &nbsp; &nbsp; &nbsp; &nbsp; &nbsp; &nbsp; &nbsp;&nbsp;<a href=\"https:\/\/zenodo.org\/records\/10465291\">ABSTRACT<\/a>&nbsp; &nbsp; &nbsp; &nbsp; &nbsp; &nbsp; &nbsp;&nbsp;<a href=\"https:\/\/sdsuv.co.in\/science_journal\/wp-content\/uploads\/2024\/01\/10-2023-Dinesh-R.pdf\">PDF<\/a>&nbsp;<\/strong><\/p>\n\n\n\n<p>11.&nbsp;<strong><a href=\"https:\/\/zenodo.org\/records\/10479216\">EXTINCTION STEPS OF INSECTS: PRETENDING AS IF THEY EXIST<\/a><\/strong><br><em>Hakan Bozdo\u011fan and Jos\u00e9 Alejandro Cu\u00e9llar Cardozo<\/em><\/p>\n\n\n\n<p><strong>Published on December 31, 2023&nbsp; &nbsp; &nbsp; &nbsp; &nbsp; &nbsp; &nbsp;pages: 79-80&nbsp; &nbsp; &nbsp; &nbsp; &nbsp; &nbsp; &nbsp; &nbsp; &nbsp; doi: https:\/\/doi.org\/10.5281\/zenodo.10479216<\/strong><\/p>\n\n\n\n<p><strong>&nbsp; &nbsp; &nbsp; &nbsp; &nbsp; &nbsp; &nbsp; &nbsp;&nbsp;<a href=\"https:\/\/zenodo.org\/records\/10479216\">ABSTRACT&nbsp;<\/a>&nbsp;&nbsp; &nbsp; &nbsp; &nbsp; &nbsp; &nbsp; &nbsp;&nbsp;<a href=\"https:\/\/sdsuv.co.in\/science_journal\/wp-content\/uploads\/2024\/01\/11-2023-Hakan-R.pdf\">PDF<\/a>&nbsp; &nbsp;<\/strong><\/p>\n\n\n\n<p><strong>12.&nbsp;<a href=\"https:\/\/zenodo.org\/records\/10479489\">POPULATION STRUCTURE AND REGENERATION PATTERNOF TREE SPECIES ALONG THE ALTITUDINAL GRADIENT IN A TEMPERATE FOREST OF WESTERN HIMALAYA, UTTARAKHAND, INDIA<\/a><\/strong><br><em>Ajendra Singh Bagri, Vinay Rawat, Hardeep Singh, Jaffer Hussain, Eja Gloch, Shikha Arya, Gulshan Kumar Dhingra<\/em><\/p>\n\n\n\n<p><strong>Published on December 31, 2023&nbsp; &nbsp; &nbsp; &nbsp; &nbsp; &nbsp; &nbsp; pages: 81-96&nbsp; &nbsp; &nbsp; &nbsp; &nbsp; &nbsp; &nbsp; &nbsp; &nbsp; &nbsp; &nbsp;doi: https:\/\/doi.org\/10.5281\/zenodo.10479489<\/strong><em><\/em><\/p>\n\n\n\n<p>&nbsp; &nbsp; &nbsp; &nbsp; &nbsp; &nbsp; &nbsp; &nbsp; &nbsp;&nbsp;<a href=\"https:\/\/zenodo.org\/records\/10479489\"><strong>ABSTRACT<\/strong><\/a>&nbsp; &nbsp; &nbsp; &nbsp; &nbsp; &nbsp; &nbsp; &nbsp;&nbsp;<a href=\"https:\/\/sdsuv.co.in\/science_journal\/wp-content\/uploads\/2024\/01\/12-2023-Ajendra-R.pdf\"><strong>PDF<\/strong><\/a><\/p>\n\n\n\n<p><strong><a href=\"https:\/\/zenodo.org\/records\/10479569\">13. TASAR SERICULTURE: A SUSTAINABLE ECONOMICAL BOOSTER<\/a><\/strong><br><em>Kalpana Singh and<\/em>&nbsp;<em>Jaipal Bhargava<\/em><\/p>\n\n\n\n<p><strong>Published on December 31, 2023&nbsp; &nbsp; &nbsp; &nbsp; &nbsp; &nbsp; pages: 97-107&nbsp; &nbsp; &nbsp; &nbsp; &nbsp; &nbsp; &nbsp; &nbsp; &nbsp; &nbsp; doi: https:\/\/doi.org\/10.5281\/zenodo.10479569<\/strong><\/p>\n\n\n\n<p><strong>&nbsp; &nbsp; &nbsp; &nbsp; &nbsp; &nbsp; &nbsp; &nbsp; &nbsp;<a href=\"https:\/\/zenodo.org\/records\/10479569\">ABSTRACT<\/a>&nbsp; &nbsp; &nbsp; &nbsp; &nbsp; &nbsp; &nbsp; &nbsp;&nbsp;<a href=\"https:\/\/sdsuv.co.in\/science_journal\/wp-content\/uploads\/2024\/01\/13-2023-Kalpana-R.pdf\">PDF<\/a>&nbsp; &nbsp;<\/strong><\/p>\n\n\n\n<p><strong><a href=\"https:\/\/zenodo.org\/records\/10479748\">14. A STATISTICAL STUDY OF SUNSPOT CYCLES<\/a><\/strong><br><em>Kumud Pandey<\/em><\/p>\n\n\n\n<p><strong>Published on December 31, 2023 pages: 108-115 doi: https:\/\/doi.org\/10.5281\/zenodo.10479748<\/strong><\/p>\n\n\n\n<p><strong>&nbsp; &nbsp; &nbsp; &nbsp; &nbsp; &nbsp; &nbsp; &nbsp;&nbsp;<a href=\"https:\/\/zenodo.org\/records\/10479748\">ABSTRACT<\/a>&nbsp; &nbsp; &nbsp; &nbsp; &nbsp; &nbsp; &nbsp;&nbsp;<a href=\"https:\/\/sdsuv.co.in\/science_journal\/wp-content\/uploads\/2024\/01\/14-2023-Kumud-R.pdf\">PDF<\/a><\/strong><\/p>\n\n\n\n<p><a href=\"https:\/\/zenodo.org\/records\/10479996\"><strong>15.<\/strong>&nbsp;<strong>A REVIEW ON WORLD\u2019S POTENTIAL ANTI-MALARIAL PLANTS AND THEIR PHYTOCHEMICALS<\/strong><\/a><\/p>\n\n\n\n<p><em>Shalini Rawat and Seema Baniwal<\/em><\/p>\n\n\n\n<p><strong>Published on December 31, 2023 pages: 116-123 doi: https:\/\/doi.org\/10.5281\/zenodo.10479996<\/strong><\/p>\n\n\n\n<p><strong>&nbsp; &nbsp; &nbsp; &nbsp; &nbsp; &nbsp; &nbsp; &nbsp;<a href=\"https:\/\/zenodo.org\/records\/10479996\">ABSTRACT<\/a>&nbsp; &nbsp; &nbsp; &nbsp; &nbsp; &nbsp; &nbsp; &nbsp;&nbsp;<a href=\"https:\/\/sdsuv.co.in\/science_journal\/wp-content\/uploads\/2024\/01\/15-2023-Shalini-R.pdf\">PDF<\/a><\/strong><\/p>\n\n\n\n<p><a href=\"https:\/\/zenodo.org\/records\/10521475\"><strong>16.&nbsp;&nbsp;<\/strong><strong>&nbsp;<\/strong><strong>TRADITIONAL USES AND CONSERVATION OF FRITILLARIA ROYLEI HOOK. A CRITICALLY ENDANGERED HIMALAYAN MEDICINAL PLANT: AN OVERVIEW<\/strong><\/a><\/p>\n\n\n\n<p><em>Pradeep Kumar , G.K. Dhingra, &nbsp; Narender Negi, Dyal Bisht L.R. Dangwal, Ranjeeta Pundir<\/em><\/p>\n\n\n\n<p><strong>Published on December 31, 2023&nbsp; &nbsp; &nbsp; &nbsp; &nbsp; &nbsp;pages: 124-128&nbsp; &nbsp; &nbsp; &nbsp; &nbsp; &nbsp;doi: https:\/\/doi.org\/10.5281\/zenodo.10<\/strong><strong>521475<\/strong><em><\/em><\/p>\n\n\n\n<p><strong>&nbsp; &nbsp; &nbsp; &nbsp; &nbsp; &nbsp; &nbsp; &nbsp;&nbsp;<a href=\"https:\/\/zenodo.org\/records\/10521475\">ABSTRACT&nbsp;<\/a>&nbsp; &nbsp; &nbsp; &nbsp; &nbsp; &nbsp; &nbsp; &nbsp;&nbsp;<a href=\"https:\/\/sdsuv.co.in\/science_journal\/wp-content\/uploads\/2024\/01\/16-2023-Pradeep-R.pdf\">PDF<\/a><\/strong><\/p>\n\n\n\n<p><a href=\"https:\/\/zenodo.org\/records\/10525972\"><strong>17.&nbsp;&nbsp;<\/strong><strong>&nbsp;<\/strong><strong>FRACTALS AS JULIA AND MANDELBROT SETS OF LOGARITHMIC FUNCTION USING DOGAN AND KARAKAYA (DK) ITERATIVE SCHEME<\/strong><\/a><\/p>\n\n\n\n<p><em>Saurabh Sharma, Sanjay Kumar Padaliya and Anita Tomar<\/em><\/p>\n\n\n\n<p><strong>Published on December 31, 2023&nbsp; &nbsp; &nbsp; &nbsp; &nbsp; &nbsp;pages: 129-139&nbsp; &nbsp; &nbsp; &nbsp; &nbsp; &nbsp;doi: https:\/\/doi.org\/10.5281\/zenodo.10<\/strong><strong>5<\/strong><em><\/em><\/p>\n\n\n\n<p><strong>&nbsp; &nbsp; &nbsp; &nbsp; &nbsp; &nbsp; &nbsp; &nbsp;&nbsp;<a href=\"https:\/\/zenodo.org\/records\/10525972\">ABSTRACT<\/a>&nbsp; &nbsp; &nbsp; &nbsp; &nbsp; &nbsp; &nbsp; &nbsp;&nbsp;<a href=\"https:\/\/sdsuv.co.in\/science_journal\/wp-content\/uploads\/2024\/01\/17-2023-Anita-R.pdf\">PDF<\/a>&nbsp;<\/strong><\/p>\n\n\n\n<p><a href=\"https:\/\/zenodo.org\/records\/10521525\"><strong>18.&nbsp; &nbsp;<\/strong><strong>RUBBER WASTE AND ITS USE IN THE CONSTRUCTION INDUSTRY: A SYSTEMATIC STUDY<\/strong><\/a><\/p>\n\n\n\n<p><em>Gourav Kumar Singh, Swapnil Rai, Nimisha Jadon, Shivom Singh and Deepika Saini<\/em><\/p>\n\n\n\n<p><strong>Published on December 31, 2023&nbsp; &nbsp; &nbsp; &nbsp; &nbsp; &nbsp;pages: 141-146&nbsp; &nbsp; &nbsp; &nbsp; &nbsp; &nbsp;doi: https:\/\/doi.org\/10.5281\/zenodo.10<\/strong><strong>52<\/strong><strong>1525<\/strong><em><\/em><\/p>\n\n\n\n<p><strong>&nbsp; &nbsp; &nbsp; &nbsp; &nbsp; &nbsp; &nbsp; &nbsp;&nbsp;<a href=\"https:\/\/zenodo.org\/records\/10521525\">ABSTRACT<\/a>&nbsp; &nbsp; &nbsp; &nbsp;<\/strong><strong>&nbsp; &nbsp; &nbsp; &nbsp; &nbsp;&nbsp;<a href=\"https:\/\/sdsuv.co.in\/science_journal\/wp-content\/uploads\/2024\/01\/18-2023-Gaurav-R.pdf\">PDF<\/a><\/strong><\/p>\n\n\n\n<p><strong>19.&nbsp;&nbsp;<a href=\"https:\/\/zenodo.org\/records\/10521542\">SYNTHETIC APPROACH TO DESIGN SOME SUBSTITUTED FURO- [2,3-B] PYRIDINES AS ANTIBACTERIAL AND ANTIFUNGAL AGENTS<\/a><\/strong><\/p>\n\n\n\n<p><em>Tilak Ram, Gulshan K. Dhingra and Hament Panwar<\/em><\/p>\n\n\n\n<p><strong>Published on December 31, 2023&nbsp; &nbsp; &nbsp; &nbsp; &nbsp; &nbsp;pages: 147-152&nbsp; &nbsp; &nbsp; &nbsp; &nbsp; &nbsp;doi: https:\/\/doi.org\/10.5281\/zenodo.10<\/strong><strong>521542<\/strong><em><\/em><\/p>\n\n\n\n<p><strong>&nbsp; &nbsp; &nbsp; &nbsp; &nbsp; &nbsp; &nbsp; &nbsp;&nbsp;<a href=\"https:\/\/zenodo.org\/records\/10521542\">ABSTRACT<\/a>&nbsp; &nbsp; &nbsp; &nbsp; &nbsp; &nbsp; &nbsp; &nbsp; &nbsp;&nbsp;<a href=\"https:\/\/sdsuv.co.in\/science_journal\/wp-content\/uploads\/2024\/01\/19-2023-Tilakram-R.pdf\">PDF<\/a>&nbsp; &nbsp; &nbsp; &nbsp;&nbsp;<\/strong><\/p>\n\n\n\n<p><strong>20.&nbsp;&nbsp;<\/strong><a href=\"https:\/\/zenodo.org\/records\/10811110\"><strong>A REVIEW ON DISEASE MANAGEMENT IN INLAND FISHERIES OF INDIA<\/strong><\/a><\/p>\n\n\n\n<p><em>Smita Badola Budakoti<\/em><\/p>\n\n\n\n<p><strong>Published on December 31, 2023&nbsp; &nbsp; &nbsp; &nbsp; &nbsp; &nbsp;pages: 153-162&nbsp; &nbsp; &nbsp; &nbsp; &nbsp; &nbsp;doi: https:\/\/doi.org\/10.5281\/zenodo.1081111<\/strong><\/p>\n\n\n\n<p><strong>&nbsp; &nbsp; &nbsp; &nbsp; &nbsp; &nbsp; &nbsp; &nbsp; &nbsp;<a href=\"https:\/\/zenodo.org\/records\/10811110\">ABSTRACT<\/a>&nbsp; &nbsp; &nbsp; &nbsp; &nbsp; &nbsp;&nbsp;<a href=\"https:\/\/sdsuv.co.in\/science_journal\/wp-content\/uploads\/2024\/03\/20-2023-Smita.pdf\">PDF<\/a><\/strong><\/p>\n","protected":false},"excerpt":{"rendered":"<p>1. DIVERSITY OF APHIDIDAE OF UTTARAKHANDRajesh Kumar, Satish Chandra, Ahmad Pervez and Praveen Kumar Sharma Published on December 25, 2023&nbsp; &nbsp; &nbsp; &nbsp; &nbsp; &nbsp;pages: 1-12&nbsp; &nbsp; &nbsp; &nbsp; &nbsp; &nbsp; &nbsp; &nbsp; &nbsp; &nbsp; &nbsp; doi: https:\/\/doi.org\/10.5281\/zenodo.10429973&nbsp; &nbsp; &nbsp; &nbsp;&nbsp; &nbsp; &nbsp; &nbsp; &nbsp; &nbsp; &nbsp; &nbsp; &nbsp; &nbsp;<span class=\"more-link\"><a href=\"https:\/\/sdsuv.co.in\/science_journal\/volume-1-december-2023-2\/\">Continue Reading<\/a><\/span><\/p>\n","protected":false},"author":1,"featured_media":0,"parent":0,"menu_order":0,"comment_status":"closed","ping_status":"closed","template":"","meta":{"footnotes":""},"class_list":["entry","author-admin","post-480","page","type-page","status-publish"],"_links":{"self":[{"href":"https:\/\/sdsuv.co.in\/science_journal\/wp-json\/wp\/v2\/pages\/480","targetHints":{"allow":["GET"]}}],"collection":[{"href":"https:\/\/sdsuv.co.in\/science_journal\/wp-json\/wp\/v2\/pages"}],"about":[{"href":"https:\/\/sdsuv.co.in\/science_journal\/wp-json\/wp\/v2\/types\/page"}],"author":[{"embeddable":true,"href":"https:\/\/sdsuv.co.in\/science_journal\/wp-json\/wp\/v2\/users\/1"}],"replies":[{"embeddable":true,"href":"https:\/\/sdsuv.co.in\/science_journal\/wp-json\/wp\/v2\/comments?post=480"}],"version-history":[{"count":1,"href":"https:\/\/sdsuv.co.in\/science_journal\/wp-json\/wp\/v2\/pages\/480\/revisions"}],"predecessor-version":[{"id":481,"href":"https:\/\/sdsuv.co.in\/science_journal\/wp-json\/wp\/v2\/pages\/480\/revisions\/481"}],"wp:attachment":[{"href":"https:\/\/sdsuv.co.in\/science_journal\/wp-json\/wp\/v2\/media?parent=480"}],"curies":[{"name":"wp","href":"https:\/\/api.w.org\/{rel}","templated":true}]}}